{"id":1588,"date":"2025-03-11T02:25:41","date_gmt":"2025-03-11T02:25:41","guid":{"rendered":"https:\/\/www.ben-shalom.co.il\/?page_id=1588"},"modified":"2025-06-11T08:02:24","modified_gmt":"2025-06-11T08:02:24","slug":"accessibility-statement","status":"publish","type":"page","link":"https:\/\/www.ben-shalom.co.il\/es\/accessibility-statement\/","title":{"rendered":"Declaraci\u00f3n de accesibilidad"},"content":{"rendered":"<div data-elementor-type=\"wp-page\" data-elementor-id=\"1588\" class=\"elementor elementor-1588\" data-elementor-post-type=\"page\">\n\t\t\t\t<div class=\"elementor-element elementor-element-1928510 e-con-full e-flex e-con e-parent\" data-id=\"1928510\" data-element_type=\"container\">\n\t\t\t\t<div class=\"elementor-element elementor-element-1dd0cc9 elementor-mobile-align-center elementor-invisible elementor-widget elementor-widget-breadcrumbs\" data-id=\"1dd0cc9\" data-element_type=\"widget\" data-settings=\"{&quot;_animation&quot;:&quot;fadeInUp&quot;}\" data-widget_type=\"breadcrumbs.default\">\n\t\t\t\t\t<p id=\"breadcrumbs\"><span><span><a href=\"https:\/\/www.ben-shalom.co.il\/es\">Ben Shalom<\/a><\/span><\/span><\/p>\t\t\t\t<\/div>\n\t\t\t\t<div class=\"elementor-element elementor-element-22a22a6 elementor-invisible elementor-widget elementor-widget-heading\" data-id=\"22a22a6\" data-element_type=\"widget\" data-settings=\"{&quot;_animation&quot;:&quot;fadeInUp&quot;}\" data-widget_type=\"heading.default\">\n\t\t\t\t\t<div class=\"elementor-heading-title elementor-size-default\">Accessibility Statement<\/div>\t\t\t\t<\/div>\n\t\t\t\t<div class=\"elementor-element elementor-element-d9cfd86 elementor-invisible elementor-widget elementor-widget-heading\" data-id=\"d9cfd86\" data-element_type=\"widget\" data-settings=\"{&quot;_animation&quot;:&quot;fadeInUp&quot;}\" data-widget_type=\"heading.default\">\n\t\t\t\t\t<h1 class=\"elementor-heading-title elementor-size-default\">Declaraci\u00f3n de accesibilidad<\/h1>\t\t\t\t<\/div>\n\t\t\t\t<\/div>\n\t\t<div class=\"elementor-element elementor-element-73f0b9d e-con-full e-flex e-con e-parent\" data-id=\"73f0b9d\" data-element_type=\"container\">\n\t\t<div class=\"elementor-element elementor-element-8b718d0 e-con-full e-flex e-con e-child\" data-id=\"8b718d0\" data-element_type=\"container\">\n\t\t\t\t<div class=\"elementor-element elementor-element-9db1a5e elementor-invisible elementor-widget elementor-widget-text-editor\" data-id=\"9db1a5e\" data-element_type=\"widget\" data-settings=\"{&quot;_animation&quot;:&quot;fadeInUp&quot;}\" data-no-translation=\"\" data-widget_type=\"text-editor.default\">\n\t\t\t\t\t<style>.elementor-element-9db1a5e{display:none !important}<\/style>\t\t\t\t<\/div>\n\t\t\t\t<div class=\"elementor-element elementor-element-7f5cded elementor-invisible elementor-widget elementor-widget-text-editor\" data-id=\"7f5cded\" data-element_type=\"widget\" data-settings=\"{&quot;_animation&quot;:&quot;fadeInUp&quot;}\" data-no-translation=\"\" data-widget_type=\"text-editor.default\">\n\t\t\t\t\t<style>.elementor-element-7f5cded{display:none !important}<\/style>\t\t\t\t<\/div>\n\t\t\t\t<div class=\"elementor-element elementor-element-7287890 elementor-invisible elementor-widget elementor-widget-text-editor\" data-id=\"7287890\" data-element_type=\"widget\" data-settings=\"{&quot;_animation&quot;:&quot;fadeInUp&quot;}\" data-no-translation=\"\" data-widget_type=\"text-editor.default\">\n\t\t\t\t\t<style>.elementor-element-7287890{display:none !important}<\/style>\t\t\t\t<\/div>\n\t\t\t\t<div class=\"elementor-element elementor-element-ba59f28 elementor-invisible elementor-widget elementor-widget-text-editor\" data-id=\"ba59f28\" data-element_type=\"widget\" data-settings=\"{&quot;_animation&quot;:&quot;fadeInUp&quot;}\" data-no-translation=\"\" data-widget_type=\"text-editor.default\">\n\t\t\t\t\t\t\t\t\t<p>Ben Shalom Residencial, Construcci\u00f3n e Inversiones S.R.L. responsable de la operaci\u00f3n y gesti\u00f3n del https:\/\/www.ben-shalom.co.il, se compromete a garantizar la accesibilidad de sus servicios digitales para todos los ciudadanos, con un \u00e9nfasis especial en mejorar el acceso para personas con discapacidades.<\/p><p>Se han asignado recursos significativos para asegurar la accesibilidad de nuestro sitio web, con el objetivo de mejorar la experiencia para personas con diversas necesidades, incluyendo, pero no limitado a discapacidades motoras, deficiencias cognitivas, miop\u00eda, ceguera o daltonismo, problemas de audici\u00f3n y la poblaci\u00f3n de la tercera edad.<\/p><p>La implementaci\u00f3n de la accesibilidad del sitio web ha sido llevada a cabo por &quot;VEE &#8211; Accesibilidad del Sitio Web&quot;. Nuestro sitio web ha sido optimizado para accesibilidad a nivel AA, siguiendo las directrices establecidas por la Ley de Derechos de Personas con Discapacidad y las Regulaciones WCAG2.2.<\/p><p>La empresa Vee, proveedora de soluciones de accesibilidad para sitios web, ha asegurado la compatibilidad con navegadores web y dispositivos m\u00f3viles populares. Se ha realizado una extensa prueba utilizando lectores de pantalla como Jaws y NVDA. Adem\u00e1s, hemos implementado recomendaciones WCAG2.2 de la organizaci\u00f3n W3C para mejorar a\u00fan m\u00e1s los est\u00e1ndares de accesibilidad.<\/p><p>Nuestro sitio web facilita un proceso sencillo para cambiar al modo accesible. Se ha colocado un \u00edcono de accesibilidad de manera prominente en cada p\u00e1gina web. Al hacer clic en el \u00edcono, se abre el men\u00fa de accesibilidad, permitiendo a los usuarios seleccionar las funciones de accesibilidad deseadas. Por favor, permita que la p\u00e1gina se cargue despu\u00e9s de hacer su selecci\u00f3n para asegurar que se apliquen los cambios apropiados.<\/p><p>Para revertir los cambios, simplemente haga clic en la funci\u00f3n correspondiente en el men\u00fa nuevamente. Restablecer la configuraci\u00f3n de accesibilidad tambi\u00e9n es una opci\u00f3n. El software de accesibilidad es compatible con navegadores web populares, como Chrome, Firefox, Safari y Opera.<\/p><p>Para una experiencia \u00f3ptima con software de lectura de pantalla, recomendamos utilizar la \u00faltima versi\u00f3n de NVDA. El dise\u00f1o del sitio web incluye una estructura sem\u00e1ntica que respalda tecnolog\u00edas de asistencia y sigue patrones de uso aceptados para la navegaci\u00f3n mediante teclado.<\/p><p>Se han realizado varias mejoras para aumentar la accesibilidad en el sitio, incluyendo adaptaci\u00f3n para lectores de pantalla, navegaci\u00f3n clara e intuitiva, presentaci\u00f3n organizada del contenido, optimizaci\u00f3n para navegadores web modernos, compatibilidad con diversas tallas de pantalla y resoluciones, y estructura consistente en todas las p\u00e1ginas. Se ha incluido texto alternativo para todas las im\u00e1genes.<\/p><p>El software de accesibilidad proporciona funcionalidades esenciales, como adaptaci\u00f3n para lectores de pantalla, prevenci\u00f3n de parpadeo, acceso directo al contenido, ajuste de navegaci\u00f3n mediante teclado, ajuste del tama\u00f1o del texto, espaciado mejorado, opciones de contraste y color, selecci\u00f3n de fuentes legibles, resaltado de enlaces, gu\u00eda de lectura, cursor de rat\u00f3n personalizable y descripciones de im\u00e1genes.<\/p><p><strong>Exclusiones:<\/strong><\/p><p>A pesar de los esfuerzos diligentes para garantizar la accesibilidad de todas las p\u00e1ginas y elementos, se reconoce que puede haber instancias donde ciertas partes o funcionalidades no sean completamente accesibles. Se est\u00e1n realizando esfuerzos continuos para mejorar la accesibilidad y asegurar la inclusividad para todas las personas, incluyendo aquellas con discapacidades.<\/p><p>Si encuentra problemas de accesibilidad en el sitio web, cont\u00e1ctenos con detalles completos, incluyendo una descripci\u00f3n del problema, la acci\u00f3n que intent\u00f3 realizar, el enlace a la p\u00e1gina que visit\u00f3, tipo y versi\u00f3n del navegador, sistema operativo y el tipo de tecnolog\u00eda de asistencia utilizada.<\/p><p>Ben Shalom Residencial, Construcci\u00f3n e Inversiones S.R.L. est\u00e1 comprometida a abordar de manera pronta y profesional las preocupaciones de accesibilidad.<\/p><p><strong>Cont\u00e1ctenos en:<\/strong><\/p><p>Ben Shalom Residencial, Construcci\u00f3n e Inversiones S.R.L.<br \/>+972547400557<br \/><strong>Rinat@ben-shalom.co.il<\/strong><\/p><p>Fecha de Actualizaci\u00f3n de la Declaraci\u00f3n de Accesibilidad: 11-06-2025<\/p>\t\t\t\t\t\t\t\t<\/div>\n\t\t\t\t<div class=\"elementor-element elementor-element-8aab64d elementor-invisible elementor-widget elementor-widget-text-editor\" data-id=\"8aab64d\" data-element_type=\"widget\" data-settings=\"{&quot;_animation&quot;:&quot;fadeInUp&quot;}\" data-no-translation=\"\" data-widget_type=\"text-editor.default\">\n\t\t\t\t\t<style>.elementor-element-8aab64d{display:none !important}<\/style>\t\t\t\t<\/div>\n\t\t\t\t<\/div>\n\t\t\t\t<\/div>\n\t\t\t\t<\/div>","protected":false},"excerpt":{"rendered":"<p>Accessibility Statement \u05d4\u05e6\u05d4\u05e8\u05ea \u05e0\u05d2\u05d9\u05e9\u05d5\u05ea \u05d1\u05df \u05e9\u05dc\u05d5\u05dd \u05dc\u05d3\u05d9\u05d5\u05e8 \u05d1\u05e0\u05d9\u05d9\u05df \u05d5\u05d4\u05e9\u05e7\u05e2\u05d5\u05ea \u05d1\u05e2&quot;\u05de, \u05d0\u05d7\u05e8\u05d0\u05d9\u05ea \u05e2\u05dc \u05d4\u05e7\u05de\u05ea \u05d5\u05d4\u05e4\u05e2\u05dc\u05ea \u05d0\u05ea\u05e8 https:\/\/www.ben-shalom.co.il. \u05d0\u05e0\u05d5 \u05e8\u05d5\u05d0\u05d9\u05dd \u05d7\u05e9\u05d9\u05d1\u05d5\u05ea \u05e8\u05d1\u05d4 \u05d1\u05de\u05ea\u05df \u05e9\u05d9\u05e8\u05d5\u05ea \u05e9\u05d5\u05d5\u05d9\u05d5\u05e0\u05d9 \u05dc\u05db\u05dc\u05dc \u05d4\u05d0\u05d6\u05e8\u05d7\u05d9\u05dd \u05d5\u05d1\u05e9\u05d9\u05e4\u05d5\u05e8 \u05d4\u05e9\u05d9\u05e8\u05d5\u05ea \u05d4\u05e0\u05d9\u05ea\u05df \u05dc\u05d0\u05d6\u05e8\u05d7\u05d9\u05dd \u05e2\u05dd \u05de\u05d5\u05d2\u05d1\u05dc\u05d5\u05ea.\u00a0\u05d0\u05e0\u05d5 \u05de\u05e9\u05e7\u05d9\u05e2\u05d9\u05dd \u05de\u05e9\u05d0\u05d1\u05d9\u05dd \u05e8\u05d1\u05d9\u05dd \u05d1\u05d4\u05e0\u05d2\u05e9\u05ea \u05d4\u05d0\u05ea\u05e8 \u05d5\u05d4\u05e0\u05db\u05e1\u05d9\u05dd \u05d4\u05d3\u05d9\u05d2\u05d9\u05d8\u05dc\u05d9\u05d9\u05dd \u05e9\u05dc\u05e0\u05d5 \u05e2\u05dc \u05de\u05e0\u05ea \u05dc\u05d4\u05e4\u05d5\u05da \u05d0\u05ea \u05e9\u05d9\u05e8\u05d5\u05ea\u05d9 \u05d4\u05d7\u05d1\u05e8\u05d4 \u05dc\u05d6\u05de\u05d9\u05e0\u05d9\u05dd \u05d9\u05d5\u05ea\u05e8 \u05e2\u05d1\u05d5\u05e8 \u05d0\u05e0\u05e9\u05d9\u05dd \u05e2\u05dd \u05de\u05d5\u05d2\u05d1\u05dc\u05d5\u05ea. \u05d1\u05de\u05d3\u05d9\u05e0\u05ea \u05d9\u05e9\u05e8\u05d0\u05dc \u05db-20 \u05d0\u05d7\u05d5\u05d6\u05d9\u05dd [&hellip;]<\/p>","protected":false},"author":1,"featured_media":0,"parent":0,"menu_order":0,"comment_status":"closed","ping_status":"closed","template":"","meta":{"footnotes":""},"class_list":["post-1588","page","type-page","status-publish","hentry"],"yoast_head":"<!-- This site is optimized with the Yoast SEO plugin v26.3 - https:\/\/yoast.com\/wordpress\/plugins\/seo\/ -->\n<title>\u05d4\u05e6\u05d4\u05e8\u05ea \u05e0\u05d2\u05d9\u05e9\u05d5\u05ea - \u05d1\u05df \u05e9\u05dc\u05d5\u05dd \u05d9\u05d6\u05de\u05d5\u05ea \u05d5\u05d1\u05e0\u05d9\u05d9\u05d4<\/title>\n<meta name=\"robots\" content=\"index, follow, max-snippet:-1, max-image-preview:large, max-video-preview:-1\" \/>\n<link rel=\"canonical\" href=\"https:\/\/www.ben-shalom.co.il\/es\/accessibility-statement\/\" \/>\n<meta property=\"og:locale\" content=\"es_ES\" \/>\n<meta property=\"og:type\" content=\"article\" \/>\n<meta property=\"og:title\" content=\"\u05d4\u05e6\u05d4\u05e8\u05ea \u05e0\u05d2\u05d9\u05e9\u05d5\u05ea - \u05d1\u05df \u05e9\u05dc\u05d5\u05dd \u05d9\u05d6\u05de\u05d5\u05ea \u05d5\u05d1\u05e0\u05d9\u05d9\u05d4\" \/>\n<meta property=\"og:description\" content=\"Accessibility Statement \u05d4\u05e6\u05d4\u05e8\u05ea \u05e0\u05d2\u05d9\u05e9\u05d5\u05ea \u05d1\u05df \u05e9\u05dc\u05d5\u05dd \u05dc\u05d3\u05d9\u05d5\u05e8 \u05d1\u05e0\u05d9\u05d9\u05df \u05d5\u05d4\u05e9\u05e7\u05e2\u05d5\u05ea \u05d1\u05e2&quot;\u05de, \u05d0\u05d7\u05e8\u05d0\u05d9\u05ea \u05e2\u05dc \u05d4\u05e7\u05de\u05ea \u05d5\u05d4\u05e4\u05e2\u05dc\u05ea \u05d0\u05ea\u05e8 https:\/\/www.ben-shalom.co.il. \u05d0\u05e0\u05d5 \u05e8\u05d5\u05d0\u05d9\u05dd \u05d7\u05e9\u05d9\u05d1\u05d5\u05ea \u05e8\u05d1\u05d4 \u05d1\u05de\u05ea\u05df \u05e9\u05d9\u05e8\u05d5\u05ea \u05e9\u05d5\u05d5\u05d9\u05d5\u05e0\u05d9 \u05dc\u05db\u05dc\u05dc \u05d4\u05d0\u05d6\u05e8\u05d7\u05d9\u05dd \u05d5\u05d1\u05e9\u05d9\u05e4\u05d5\u05e8 \u05d4\u05e9\u05d9\u05e8\u05d5\u05ea \u05d4\u05e0\u05d9\u05ea\u05df \u05dc\u05d0\u05d6\u05e8\u05d7\u05d9\u05dd \u05e2\u05dd \u05de\u05d5\u05d2\u05d1\u05dc\u05d5\u05ea.\u00a0\u05d0\u05e0\u05d5 \u05de\u05e9\u05e7\u05d9\u05e2\u05d9\u05dd \u05de\u05e9\u05d0\u05d1\u05d9\u05dd \u05e8\u05d1\u05d9\u05dd \u05d1\u05d4\u05e0\u05d2\u05e9\u05ea \u05d4\u05d0\u05ea\u05e8 \u05d5\u05d4\u05e0\u05db\u05e1\u05d9\u05dd \u05d4\u05d3\u05d9\u05d2\u05d9\u05d8\u05dc\u05d9\u05d9\u05dd \u05e9\u05dc\u05e0\u05d5 \u05e2\u05dc \u05de\u05e0\u05ea \u05dc\u05d4\u05e4\u05d5\u05da \u05d0\u05ea \u05e9\u05d9\u05e8\u05d5\u05ea\u05d9 \u05d4\u05d7\u05d1\u05e8\u05d4 \u05dc\u05d6\u05de\u05d9\u05e0\u05d9\u05dd \u05d9\u05d5\u05ea\u05e8 \u05e2\u05d1\u05d5\u05e8 \u05d0\u05e0\u05e9\u05d9\u05dd \u05e2\u05dd \u05de\u05d5\u05d2\u05d1\u05dc\u05d5\u05ea. \u05d1\u05de\u05d3\u05d9\u05e0\u05ea \u05d9\u05e9\u05e8\u05d0\u05dc \u05db-20 \u05d0\u05d7\u05d5\u05d6\u05d9\u05dd [&hellip;]\" \/>\n<meta property=\"og:url\" content=\"https:\/\/www.ben-shalom.co.il\/es\/accessibility-statement\/\" \/>\n<meta property=\"og:site_name\" content=\"\u05d1\u05df \u05e9\u05dc\u05d5\u05dd \u05d9\u05d6\u05de\u05d5\u05ea \u05d5\u05d1\u05e0\u05d9\u05d9\u05d4\" \/>\n<meta property=\"article:publisher\" content=\"https:\/\/www.facebook.com\/people\/%d7%91%d7%9f-%d7%a9%d7%9c%d7%95%d7%9d-%d7%99%d7%96%d7%9e%d7%95%d7%aa-%d7%95%d7%91%d7%a0%d7%99%d7%99%d7%94\/100063915557073\/\" \/>\n<meta property=\"article:modified_time\" content=\"2025-06-11T08:02:24+00:00\" \/>\n<meta name=\"twitter:card\" content=\"summary_large_image\" \/>\n<meta name=\"twitter:label1\" content=\"Tiempo de lectura\" \/>\n\t<meta name=\"twitter:data1\" content=\"12 minutos\" \/>\n<script type=\"application\/ld+json\" class=\"yoast-schema-graph\">{\"@context\":\"https:\/\/schema.org\",\"@graph\":[{\"@type\":\"WebPage\",\"@id\":\"https:\/\/www.ben-shalom.co.il\/accessibility-statement\/\",\"url\":\"https:\/\/www.ben-shalom.co.il\/accessibility-statement\/\",\"name\":\"\u05d4\u05e6\u05d4\u05e8\u05ea \u05e0\u05d2\u05d9\u05e9\u05d5\u05ea - \u05d1\u05df \u05e9\u05dc\u05d5\u05dd \u05d9\u05d6\u05de\u05d5\u05ea \u05d5\u05d1\u05e0\u05d9\u05d9\u05d4\",\"isPartOf\":{\"@id\":\"https:\/\/www.ben-shalom.co.il\/#website\"},\"datePublished\":\"2025-03-11T02:25:41+00:00\",\"dateModified\":\"2025-06-11T08:02:24+00:00\",\"breadcrumb\":{\"@id\":\"https:\/\/www.ben-shalom.co.il\/accessibility-statement\/#breadcrumb\"},\"inLanguage\":\"es\",\"potentialAction\":[{\"@type\":\"ReadAction\",\"target\":[\"https:\/\/www.ben-shalom.co.il\/accessibility-statement\/\"]}]},{\"@type\":\"BreadcrumbList\",\"@id\":\"https:\/\/www.ben-shalom.co.il\/accessibility-statement\/#breadcrumb\",\"itemListElement\":[{\"@type\":\"ListItem\",\"position\":1,\"name\":\"\u05d1\u05df \u05e9\u05dc\u05d5\u05dd\",\"item\":\"https:\/\/www.ben-shalom.co.il\/\"},{\"@type\":\"ListItem\",\"position\":2,\"name\":\"\u05d4\u05e6\u05d4\u05e8\u05ea \u05e0\u05d2\u05d9\u05e9\u05d5\u05ea\"}]},{\"@type\":\"WebSite\",\"@id\":\"https:\/\/www.ben-shalom.co.il\/#website\",\"url\":\"https:\/\/www.ben-shalom.co.il\/\",\"name\":\"\u05d1\u05df \u05e9\u05dc\u05d5\u05dd \u05d9\u05d6\u05de\u05d5\u05ea \u05d5\u05d1\u05e0\u05d9\u05d9\u05d4\",\"description\":\"\",\"publisher\":{\"@id\":\"https:\/\/www.ben-shalom.co.il\/#organization\"},\"potentialAction\":[{\"@type\":\"SearchAction\",\"target\":{\"@type\":\"EntryPoint\",\"urlTemplate\":\"https:\/\/www.ben-shalom.co.il\/?s={search_term_string}\"},\"query-input\":{\"@type\":\"PropertyValueSpecification\",\"valueRequired\":true,\"valueName\":\"search_term_string\"}}],\"inLanguage\":\"es\"},{\"@type\":\"Organization\",\"@id\":\"https:\/\/www.ben-shalom.co.il\/#organization\",\"name\":\"\u05d1\u05df \u05e9\u05dc\u05d5\u05dd \u05d9\u05d6\u05de\u05d5\u05ea \u05d5\u05d1\u05e0\u05d9\u05d9\u05d4\",\"url\":\"https:\/\/www.ben-shalom.co.il\/\",\"logo\":{\"@type\":\"ImageObject\",\"inLanguage\":\"es\",\"@id\":\"https:\/\/www.ben-shalom.co.il\/#\/schema\/logo\/image\/\",\"url\":\"https:\/\/www.ben-shalom.co.il\/wp-content\/uploads\/2025\/03\/bs-logo-light.svg\",\"contentUrl\":\"https:\/\/www.ben-shalom.co.il\/wp-content\/uploads\/2025\/03\/bs-logo-light.svg\",\"width\":198,\"height\":102,\"caption\":\"\u05d1\u05df \u05e9\u05dc\u05d5\u05dd \u05d9\u05d6\u05de\u05d5\u05ea \u05d5\u05d1\u05e0\u05d9\u05d9\u05d4\"},\"image\":{\"@id\":\"https:\/\/www.ben-shalom.co.il\/#\/schema\/logo\/image\/\"},\"sameAs\":[\"https:\/\/www.facebook.com\/people\/\u05d1\u05df-\u05e9\u05dc\u05d5\u05dd-\u05d9\u05d6\u05de\u05d5\u05ea-\u05d5\u05d1\u05e0\u05d9\u05d9\u05d4\/100063915557073\/\"]}]}<\/script>\n<!-- \/ Yoast SEO plugin. -->","yoast_head_json":{"title":"\u05d4\u05e6\u05d4\u05e8\u05ea \u05e0\u05d2\u05d9\u05e9\u05d5\u05ea - \u05d1\u05df \u05e9\u05dc\u05d5\u05dd \u05d9\u05d6\u05de\u05d5\u05ea \u05d5\u05d1\u05e0\u05d9\u05d9\u05d4","robots":{"index":"index","follow":"follow","max-snippet":"max-snippet:-1","max-image-preview":"max-image-preview:large","max-video-preview":"max-video-preview:-1"},"canonical":"https:\/\/www.ben-shalom.co.il\/es\/accessibility-statement\/","og_locale":"es_ES","og_type":"article","og_title":"\u05d4\u05e6\u05d4\u05e8\u05ea \u05e0\u05d2\u05d9\u05e9\u05d5\u05ea - \u05d1\u05df \u05e9\u05dc\u05d5\u05dd \u05d9\u05d6\u05de\u05d5\u05ea \u05d5\u05d1\u05e0\u05d9\u05d9\u05d4","og_description":"Accessibility Statement \u05d4\u05e6\u05d4\u05e8\u05ea \u05e0\u05d2\u05d9\u05e9\u05d5\u05ea \u05d1\u05df \u05e9\u05dc\u05d5\u05dd \u05dc\u05d3\u05d9\u05d5\u05e8 \u05d1\u05e0\u05d9\u05d9\u05df \u05d5\u05d4\u05e9\u05e7\u05e2\u05d5\u05ea \u05d1\u05e2&quot;\u05de, \u05d0\u05d7\u05e8\u05d0\u05d9\u05ea \u05e2\u05dc \u05d4\u05e7\u05de\u05ea \u05d5\u05d4\u05e4\u05e2\u05dc\u05ea \u05d0\u05ea\u05e8 https:\/\/www.ben-shalom.co.il. \u05d0\u05e0\u05d5 \u05e8\u05d5\u05d0\u05d9\u05dd \u05d7\u05e9\u05d9\u05d1\u05d5\u05ea \u05e8\u05d1\u05d4 \u05d1\u05de\u05ea\u05df \u05e9\u05d9\u05e8\u05d5\u05ea \u05e9\u05d5\u05d5\u05d9\u05d5\u05e0\u05d9 \u05dc\u05db\u05dc\u05dc \u05d4\u05d0\u05d6\u05e8\u05d7\u05d9\u05dd \u05d5\u05d1\u05e9\u05d9\u05e4\u05d5\u05e8 \u05d4\u05e9\u05d9\u05e8\u05d5\u05ea \u05d4\u05e0\u05d9\u05ea\u05df \u05dc\u05d0\u05d6\u05e8\u05d7\u05d9\u05dd \u05e2\u05dd \u05de\u05d5\u05d2\u05d1\u05dc\u05d5\u05ea.\u00a0\u05d0\u05e0\u05d5 \u05de\u05e9\u05e7\u05d9\u05e2\u05d9\u05dd \u05de\u05e9\u05d0\u05d1\u05d9\u05dd \u05e8\u05d1\u05d9\u05dd \u05d1\u05d4\u05e0\u05d2\u05e9\u05ea \u05d4\u05d0\u05ea\u05e8 \u05d5\u05d4\u05e0\u05db\u05e1\u05d9\u05dd \u05d4\u05d3\u05d9\u05d2\u05d9\u05d8\u05dc\u05d9\u05d9\u05dd \u05e9\u05dc\u05e0\u05d5 \u05e2\u05dc \u05de\u05e0\u05ea \u05dc\u05d4\u05e4\u05d5\u05da \u05d0\u05ea \u05e9\u05d9\u05e8\u05d5\u05ea\u05d9 \u05d4\u05d7\u05d1\u05e8\u05d4 \u05dc\u05d6\u05de\u05d9\u05e0\u05d9\u05dd \u05d9\u05d5\u05ea\u05e8 \u05e2\u05d1\u05d5\u05e8 \u05d0\u05e0\u05e9\u05d9\u05dd \u05e2\u05dd \u05de\u05d5\u05d2\u05d1\u05dc\u05d5\u05ea. \u05d1\u05de\u05d3\u05d9\u05e0\u05ea \u05d9\u05e9\u05e8\u05d0\u05dc \u05db-20 \u05d0\u05d7\u05d5\u05d6\u05d9\u05dd [&hellip;]","og_url":"https:\/\/www.ben-shalom.co.il\/es\/accessibility-statement\/","og_site_name":"\u05d1\u05df \u05e9\u05dc\u05d5\u05dd \u05d9\u05d6\u05de\u05d5\u05ea \u05d5\u05d1\u05e0\u05d9\u05d9\u05d4","article_publisher":"https:\/\/www.facebook.com\/people\/%d7%91%d7%9f-%d7%a9%d7%9c%d7%95%d7%9d-%d7%99%d7%96%d7%9e%d7%95%d7%aa-%d7%95%d7%91%d7%a0%d7%99%d7%99%d7%94\/100063915557073\/","article_modified_time":"2025-06-11T08:02:24+00:00","twitter_card":"summary_large_image","twitter_misc":{"Tiempo de lectura":"12 minutos"},"schema":{"@context":"https:\/\/schema.org","@graph":[{"@type":"WebPage","@id":"https:\/\/www.ben-shalom.co.il\/accessibility-statement\/","url":"https:\/\/www.ben-shalom.co.il\/accessibility-statement\/","name":"\u05d4\u05e6\u05d4\u05e8\u05ea \u05e0\u05d2\u05d9\u05e9\u05d5\u05ea - \u05d1\u05df \u05e9\u05dc\u05d5\u05dd \u05d9\u05d6\u05de\u05d5\u05ea \u05d5\u05d1\u05e0\u05d9\u05d9\u05d4","isPartOf":{"@id":"https:\/\/www.ben-shalom.co.il\/#website"},"datePublished":"2025-03-11T02:25:41+00:00","dateModified":"2025-06-11T08:02:24+00:00","breadcrumb":{"@id":"https:\/\/www.ben-shalom.co.il\/accessibility-statement\/#breadcrumb"},"inLanguage":"es","potentialAction":[{"@type":"ReadAction","target":["https:\/\/www.ben-shalom.co.il\/accessibility-statement\/"]}]},{"@type":"BreadcrumbList","@id":"https:\/\/www.ben-shalom.co.il\/accessibility-statement\/#breadcrumb","itemListElement":[{"@type":"ListItem","position":1,"name":"\u05d1\u05df \u05e9\u05dc\u05d5\u05dd","item":"https:\/\/www.ben-shalom.co.il\/"},{"@type":"ListItem","position":2,"name":"\u05d4\u05e6\u05d4\u05e8\u05ea \u05e0\u05d2\u05d9\u05e9\u05d5\u05ea"}]},{"@type":"WebSite","@id":"https:\/\/www.ben-shalom.co.il\/#website","url":"https:\/\/www.ben-shalom.co.il\/","name":"\u05d1\u05df \u05e9\u05dc\u05d5\u05dd \u05d9\u05d6\u05de\u05d5\u05ea \u05d5\u05d1\u05e0\u05d9\u05d9\u05d4","description":"","publisher":{"@id":"https:\/\/www.ben-shalom.co.il\/#organization"},"potentialAction":[{"@type":"SearchAction","target":{"@type":"EntryPoint","urlTemplate":"https:\/\/www.ben-shalom.co.il\/?s={search_term_string}"},"query-input":{"@type":"PropertyValueSpecification","valueRequired":true,"valueName":"search_term_string"}}],"inLanguage":"es"},{"@type":"Organization","@id":"https:\/\/www.ben-shalom.co.il\/#organization","name":"\u05d1\u05df \u05e9\u05dc\u05d5\u05dd \u05d9\u05d6\u05de\u05d5\u05ea \u05d5\u05d1\u05e0\u05d9\u05d9\u05d4","url":"https:\/\/www.ben-shalom.co.il\/","logo":{"@type":"ImageObject","inLanguage":"es","@id":"https:\/\/www.ben-shalom.co.il\/#\/schema\/logo\/image\/","url":"https:\/\/www.ben-shalom.co.il\/wp-content\/uploads\/2025\/03\/bs-logo-light.svg","contentUrl":"https:\/\/www.ben-shalom.co.il\/wp-content\/uploads\/2025\/03\/bs-logo-light.svg","width":198,"height":102,"caption":"\u05d1\u05df \u05e9\u05dc\u05d5\u05dd \u05d9\u05d6\u05de\u05d5\u05ea \u05d5\u05d1\u05e0\u05d9\u05d9\u05d4"},"image":{"@id":"https:\/\/www.ben-shalom.co.il\/#\/schema\/logo\/image\/"},"sameAs":["https:\/\/www.facebook.com\/people\/\u05d1\u05df-\u05e9\u05dc\u05d5\u05dd-\u05d9\u05d6\u05de\u05d5\u05ea-\u05d5\u05d1\u05e0\u05d9\u05d9\u05d4\/100063915557073\/"]}]}},"_links":{"self":[{"href":"https:\/\/www.ben-shalom.co.il\/es\/wp-json\/wp\/v2\/pages\/1588","targetHints":{"allow":["GET"]}}],"collection":[{"href":"https:\/\/www.ben-shalom.co.il\/es\/wp-json\/wp\/v2\/pages"}],"about":[{"href":"https:\/\/www.ben-shalom.co.il\/es\/wp-json\/wp\/v2\/types\/page"}],"author":[{"embeddable":true,"href":"https:\/\/www.ben-shalom.co.il\/es\/wp-json\/wp\/v2\/users\/1"}],"replies":[{"embeddable":true,"href":"https:\/\/www.ben-shalom.co.il\/es\/wp-json\/wp\/v2\/comments?post=1588"}],"version-history":[{"count":28,"href":"https:\/\/www.ben-shalom.co.il\/es\/wp-json\/wp\/v2\/pages\/1588\/revisions"}],"predecessor-version":[{"id":4453,"href":"https:\/\/www.ben-shalom.co.il\/es\/wp-json\/wp\/v2\/pages\/1588\/revisions\/4453"}],"wp:attachment":[{"href":"https:\/\/www.ben-shalom.co.il\/es\/wp-json\/wp\/v2\/media?parent=1588"}],"curies":[{"name":"wp","href":"https:\/\/api.w.org\/{rel}","templated":true}]}}