{"id":3,"date":"2025-03-01T11:44:46","date_gmt":"2025-03-01T11:44:46","guid":{"rendered":"https:\/\/www.ben-shalom.co.il\/?page_id=3"},"modified":"2025-06-11T07:46:13","modified_gmt":"2025-06-11T07:46:13","slug":"privacy-policy","status":"publish","type":"page","link":"https:\/\/www.ben-shalom.co.il\/es\/privacy-policy\/","title":{"rendered":"Pol\u00edtica de privacidad"},"content":{"rendered":"<div data-elementor-type=\"wp-page\" data-elementor-id=\"3\" class=\"elementor elementor-3\" data-elementor-post-type=\"page\">\n\t\t\t\t<div class=\"elementor-element elementor-element-02a997e e-con-full e-flex e-con e-parent\" data-id=\"02a997e\" data-element_type=\"container\">\n\t\t\t\t<div class=\"elementor-element elementor-element-6b850af elementor-mobile-align-center elementor-invisible elementor-widget elementor-widget-breadcrumbs\" data-id=\"6b850af\" data-element_type=\"widget\" data-settings=\"{&quot;_animation&quot;:&quot;fadeInUp&quot;}\" data-widget_type=\"breadcrumbs.default\">\n\t\t\t\t\t<p id=\"breadcrumbs\"><span><span><a href=\"https:\/\/www.ben-shalom.co.il\/es\">Ben Shalom<\/a><\/span><\/span><\/p>\t\t\t\t<\/div>\n\t\t\t\t<div class=\"elementor-element elementor-element-72c0ee3 elementor-invisible elementor-widget elementor-widget-heading\" data-id=\"72c0ee3\" data-element_type=\"widget\" data-settings=\"{&quot;_animation&quot;:&quot;fadeInUp&quot;}\" data-widget_type=\"heading.default\">\n\t\t\t\t\t<div class=\"elementor-heading-title elementor-size-default\">Privacy Policy<\/div>\t\t\t\t<\/div>\n\t\t\t\t<div class=\"elementor-element elementor-element-be89ab4 elementor-invisible elementor-widget elementor-widget-heading\" data-id=\"be89ab4\" data-element_type=\"widget\" data-settings=\"{&quot;_animation&quot;:&quot;fadeInUp&quot;}\" data-widget_type=\"heading.default\">\n\t\t\t\t\t<h1 class=\"elementor-heading-title elementor-size-default\">Pol\u00edtica de privacidad<\/h1>\t\t\t\t<\/div>\n\t\t\t\t<\/div>\n\t\t<div class=\"elementor-element elementor-element-26ced95 e-con-full e-flex e-con e-parent\" data-id=\"26ced95\" data-element_type=\"container\">\n\t\t<div class=\"elementor-element elementor-element-c88f7f3 e-con-full e-flex e-con e-child\" data-id=\"c88f7f3\" data-element_type=\"container\">\n\t\t\t\t<div class=\"elementor-element elementor-element-b74cc4b elementor-invisible elementor-widget elementor-widget-text-editor\" data-id=\"b74cc4b\" data-element_type=\"widget\" data-settings=\"{&quot;_animation&quot;:&quot;fadeInUp&quot;}\" data-no-translation=\"\" data-widget_type=\"text-editor.default\">\n\t\t\t\t\t<style>.elementor-element-b74cc4b{display:none !important}<\/style>\t\t\t\t<\/div>\n\t\t\t\t<div class=\"elementor-element elementor-element-efa5c23 elementor-invisible elementor-widget elementor-widget-text-editor\" data-id=\"efa5c23\" data-element_type=\"widget\" data-settings=\"{&quot;_animation&quot;:&quot;fadeInUp&quot;}\" data-no-translation=\"\" data-widget_type=\"text-editor.default\">\n\t\t\t\t\t<style>.elementor-element-efa5c23{display:none !important}<\/style>\t\t\t\t<\/div>\n\t\t\t\t<div class=\"elementor-element elementor-element-a108b99 elementor-invisible elementor-widget elementor-widget-text-editor\" data-id=\"a108b99\" data-element_type=\"widget\" data-settings=\"{&quot;_animation&quot;:&quot;fadeInUp&quot;}\" data-no-translation=\"\" data-widget_type=\"text-editor.default\">\n\t\t\t\t\t<style>.elementor-element-a108b99{display:none !important}<\/style>\t\t\t\t<\/div>\n\t\t\t\t<div class=\"elementor-element elementor-element-4bdbf48 elementor-invisible elementor-widget elementor-widget-text-editor\" data-id=\"4bdbf48\" data-element_type=\"widget\" data-settings=\"{&quot;_animation&quot;:&quot;fadeInUp&quot;}\" data-no-translation=\"\" data-widget_type=\"text-editor.default\">\n\t\t\t\t\t<style>.elementor-element-4bdbf48{display:none !important}<\/style>\t\t\t\t<\/div>\n\t\t\t\t<div class=\"elementor-element elementor-element-7b5cd1f elementor-invisible elementor-widget elementor-widget-text-editor\" data-id=\"7b5cd1f\" data-element_type=\"widget\" data-settings=\"{&quot;_animation&quot;:&quot;fadeInUp&quot;}\" data-no-translation=\"\" data-widget_type=\"text-editor.default\">\n\t\t\t\t\t\t\t\t\t<p data-start=\"0\" data-end=\"91\"><strong>Pol\u00edtica de privacidad<\/strong><br data-start=\"22\" data-end=\"25\" \/><strong>T\u00e9rminos de uso del sitio &quot;Ben Shalom \u2013 Desarrollo y Construcci\u00f3n&quot;<\/strong><\/p><p data-start=\"93\" data-end=\"191\">Reglamento redactado en masculino por conveniencia, pero se refiere por igual a mujeres y hombres.<\/p><p data-start=\"193\" data-end=\"894\"><strong>Introducci\u00f3n<\/strong><br data-start=\"205\" data-end=\"208\" \/>El sitio &quot;Ben Shalom \u2013 Desarrollo y Construcci\u00f3n&quot; (en adelante \u201cel sitio\u201d) es una p\u00e1gina destinada a representar la actividad comercial en el \u00e1mbito inmobiliario, y usted est\u00e1 invitado a participar en \u00e9l sujeto a su aceptaci\u00f3n de los t\u00e9rminos de uso que se detallan a continuaci\u00f3n.<br data-start=\"489\" data-end=\"492\" \/>Adem\u00e1s, el uso de este sitio, incluidos todos sus contenidos y servicios ofrecidos, descargas de archivos, medios como im\u00e1genes y videos, y otros contenidos para los visitantes, puede cambiar ocasionalmente o seg\u00fan el tipo de contenido.<br data-start=\"728\" data-end=\"731\" \/>La administraci\u00f3n del sitio se reserva el derecho de actualizar estos t\u00e9rminos de uso ocasionalmente sin previo aviso o menci\u00f3n en los distintos canales del sitio.<\/p><p data-start=\"896\" data-end=\"1532\"><strong>Propiedad intelectual<\/strong><br data-start=\"917\" data-end=\"920\" \/>El sitio y toda la informaci\u00f3n contenida en \u00e9l, incluyendo logotipo, dise\u00f1o, c\u00f3digo del sitio, archivos multimedia como gr\u00e1ficos, videos, im\u00e1genes, textos, archivos descargables y cualquier otro material presentado en el sitio pertenecen exclusivamente al sitio y constituyen propiedad intelectual de &quot;Ben Shalom \u2013 Desarrollo y Construcci\u00f3n&quot;. Est\u00e1 prohibido utilizar estos materiales sin autorizaci\u00f3n previa por escrito.<br data-start=\"1340\" data-end=\"1343\" \/>Tampoco est\u00e1 permitido distribuir, copiar, duplicar, publicar, imitar o modificar fragmentos de c\u00f3digo, gr\u00e1ficos, videos, marcas comerciales u otro contenido sin permiso previo por escrito.<\/p><p data-start=\"1534\" data-end=\"2362\"><strong>Contenido del sitio<\/strong><br data-start=\"1553\" data-end=\"1556\" \/>Nos esforzamos por ofrecerle informaci\u00f3n sin interrupciones, pero pueden surgir interrupciones por razones t\u00e9cnicas, fallas de terceros u otros motivos. Por tanto, no podemos garantizar la disponibilidad continua del sitio, ni se ofrecer\u00e1 compensaci\u00f3n por interrupciones o retiro del sitio.<br data-start=\"1846\" data-end=\"1849\" \/>Los enlaces a sitios externos no garantizan seguridad o calidad, y el acceso a estos se realiza bajo su propia responsabilidad.<br data-start=\"1976\" data-end=\"1979\" \/>Los contenidos del sitio son propiedad exclusiva de &quot;Ben Shalom \u2013 Desarrollo y Construcci\u00f3n&quot; y no pueden ser utilizados salvo conforme a este reglamento (v\u00e9ase Secci\u00f3n 3), salvo indicaci\u00f3n expresa o si se indica que los derechos pertenecen a un tercero, en cuyo caso se deber\u00e1 verificar las condiciones de uso en el enlace correspondiente y seguir las indicaciones del sitio externo.<\/p><p data-start=\"2364\" data-end=\"2836\"><strong>Gesti\u00f3n de usuarios y visitantes<\/strong><br data-start=\"2396\" data-end=\"2399\" \/>La administraci\u00f3n del sitio se reserva el derecho de bloquear cualquier usuario mediante la IP, MACID del dispositivo o incluso por pa\u00eds de origen, sin necesidad de justificar la decisi\u00f3n.<br data-start=\"2587\" data-end=\"2590\" \/>El equipo del sitio har\u00e1 todo lo posible para proteger la informaci\u00f3n de los usuarios registrados. Si un tercero logra acceder a dicha informaci\u00f3n, los usuarios aceptan que no tendr\u00e1n reclamaciones contra &quot;Ben Shalom \u2013 Desarrollo y Construcci\u00f3n&quot;.<\/p><p data-start=\"2838\" data-end=\"3237\"><strong>Divulgaci\u00f3n<\/strong><br data-start=\"2849\" data-end=\"2852\" \/>Este sitio puede utilizar cookies (especialmente para usuarios registrados) y herramientas estad\u00edsticas internas para registrar datos estad\u00edsticos an\u00f3nimos, analizar comportamiento de navegaci\u00f3n y tiempo de permanencia en el sitio.<br data-start=\"3083\" data-end=\"3086\" \/>En todo momento, salvo usuarios conectados al sitio, la informaci\u00f3n recopilada es completamente an\u00f3nima y no incluye nombre u otro dato identificativo.<\/p><p data-start=\"3239\" data-end=\"3440\" data-is-last-node=\"\" data-is-only-node=\"\"><strong>Jurisdicci\u00f3n<\/strong><br data-start=\"3251\" data-end=\"3254\" \/>Al utilizar este sitio, usted acepta que cualquier disputa estar\u00e1 bajo la jurisdicci\u00f3n exclusiva de la ley israel\u00ed, usando \u00fanicamente los tribunales israel\u00edes en el distrito de Tel Aviv.<\/p>\t\t\t\t\t\t\t\t<\/div>\n\t\t\t\t<\/div>\n\t\t\t\t<\/div>\n\t\t\t\t<\/div>","protected":false},"excerpt":{"rendered":"<p>Privacy Policy \u05de\u05d3\u05d9\u05e0\u05d9\u05d5\u05ea \u05e4\u05e8\u05d8\u05d9\u05d5\u05ea \u05ea\u05e0\u05d0\u05d9 \u05e9\u05d9\u05de\u05d5\u05e9 \u05d1\u05d0\u05ea\u05e8 &quot;\u05d1\u05df \u05e9\u05dc\u05d5\u05dd \u2013 \u05d9\u05d6\u05de\u05d5\u05ea \u05d5\u05d1\u05e0\u05d9\u05d9\u05d4&quot; \u05ea\u05e7\u05e0\u05d5\u05df \u05d4\u05e9\u05d9\u05de\u05d5\u05e9 \u05d1\u05d0\u05ea\u05e8 \u05d4\u05e0&quot;\u05dc \u05e0\u05db\u05ea\u05d1 \u05d1\u05dc\u05e9\u05d5\u05df \u05d6\u05db\u05e8 \u05d0\u05da \u05d4\u05d0\u05de\u05d5\u05e8 \u05d1\u05d5 \u05de\u05ea\u05d9\u05d9\u05d7\u05e1 \u05dc\u05e0\u05e9\u05d9\u05dd \u05d5\u05d2\u05d1\u05e8\u05d9\u05dd \u05db\u05d0\u05d7\u05d3. \u05e7\u05d3\u05d9\u05de\u05d5\u05df \u05d0\u05ea\u05e8 &quot;\u05d1\u05df \u05e9\u05dc\u05d5\u05dd \u2013 \u05d9\u05d6\u05de\u05d5\u05ea \u05d5\u05d1\u05e0\u05d9\u05d9\u05d4&quot; (\u05dc\u05d4\u05dc\u05df &quot;\u05d4\u05d0\u05ea\u05e8&quot;) \u05d4\u05d5\u05d0 \u05d0\u05ea\u05e8 \u05d4\u05de\u05e9\u05de\u05e9 \u05db\u05d0\u05ea\u05e8 \u05ea\u05d3\u05de\u05d9\u05ea \u05dc\u05e4\u05e2\u05d9\u05dc\u05d5\u05ea \u05d4\u05e2\u05e1\u05e7\u05d9\u05ea \u05d1\u05ea\u05d7\u05d5\u05dd \u05d4\u05e0\u05d3\u05dc&quot;\u05df \u05d5\u05d4\u05e0\u05da \u05de\u05d5\u05d6\u05de\u05df \u05dc\u05e7\u05d7\u05ea \u05d1\u05d5 \u05d7\u05dc\u05e7 \u05d1\u05db\u05e4\u05d5\u05e3 \u05dc\u05d4\u05e1\u05db\u05de\u05ea\u05da \u05dc\u05ea\u05e0\u05d0\u05d9 \u05d4\u05e9\u05d9\u05de\u05d5\u05e9 \u05d0\u05e9\u05e8 \u05d9\u05e4\u05d5\u05e8\u05d8\u05d5 [&hellip;]<\/p>","protected":false},"author":1,"featured_media":0,"parent":0,"menu_order":0,"comment_status":"closed","ping_status":"closed","template":"","meta":{"footnotes":""},"class_list":["post-3","page","type-page","status-publish","hentry"],"yoast_head":"<!-- This site is optimized with the Yoast SEO plugin v26.3 - https:\/\/yoast.com\/wordpress\/plugins\/seo\/ -->\n<title>\u05de\u05d3\u05d9\u05e0\u05d9\u05d5\u05ea \u05e4\u05e8\u05d8\u05d9\u05d5\u05ea - \u05d1\u05df \u05e9\u05dc\u05d5\u05dd \u05d9\u05d6\u05de\u05d5\u05ea \u05d5\u05d1\u05e0\u05d9\u05d9\u05d4<\/title>\n<meta name=\"robots\" content=\"index, follow, max-snippet:-1, max-image-preview:large, max-video-preview:-1\" \/>\n<link rel=\"canonical\" href=\"https:\/\/www.ben-shalom.co.il\/es\/privacy-policy\/\" \/>\n<meta property=\"og:locale\" content=\"es_ES\" \/>\n<meta property=\"og:type\" content=\"article\" \/>\n<meta property=\"og:title\" content=\"\u05de\u05d3\u05d9\u05e0\u05d9\u05d5\u05ea \u05e4\u05e8\u05d8\u05d9\u05d5\u05ea - \u05d1\u05df \u05e9\u05dc\u05d5\u05dd \u05d9\u05d6\u05de\u05d5\u05ea \u05d5\u05d1\u05e0\u05d9\u05d9\u05d4\" \/>\n<meta property=\"og:description\" content=\"Privacy Policy \u05de\u05d3\u05d9\u05e0\u05d9\u05d5\u05ea \u05e4\u05e8\u05d8\u05d9\u05d5\u05ea \u05ea\u05e0\u05d0\u05d9 \u05e9\u05d9\u05de\u05d5\u05e9 \u05d1\u05d0\u05ea\u05e8 &quot;\u05d1\u05df \u05e9\u05dc\u05d5\u05dd \u2013 \u05d9\u05d6\u05de\u05d5\u05ea \u05d5\u05d1\u05e0\u05d9\u05d9\u05d4&quot; \u05ea\u05e7\u05e0\u05d5\u05df \u05d4\u05e9\u05d9\u05de\u05d5\u05e9 \u05d1\u05d0\u05ea\u05e8 \u05d4\u05e0&quot;\u05dc \u05e0\u05db\u05ea\u05d1 \u05d1\u05dc\u05e9\u05d5\u05df \u05d6\u05db\u05e8 \u05d0\u05da \u05d4\u05d0\u05de\u05d5\u05e8 \u05d1\u05d5 \u05de\u05ea\u05d9\u05d9\u05d7\u05e1 \u05dc\u05e0\u05e9\u05d9\u05dd \u05d5\u05d2\u05d1\u05e8\u05d9\u05dd \u05db\u05d0\u05d7\u05d3. \u05e7\u05d3\u05d9\u05de\u05d5\u05df \u05d0\u05ea\u05e8 &quot;\u05d1\u05df \u05e9\u05dc\u05d5\u05dd \u2013 \u05d9\u05d6\u05de\u05d5\u05ea \u05d5\u05d1\u05e0\u05d9\u05d9\u05d4&quot; (\u05dc\u05d4\u05dc\u05df &quot;\u05d4\u05d0\u05ea\u05e8&quot;) \u05d4\u05d5\u05d0 \u05d0\u05ea\u05e8 \u05d4\u05de\u05e9\u05de\u05e9 \u05db\u05d0\u05ea\u05e8 \u05ea\u05d3\u05de\u05d9\u05ea \u05dc\u05e4\u05e2\u05d9\u05dc\u05d5\u05ea \u05d4\u05e2\u05e1\u05e7\u05d9\u05ea \u05d1\u05ea\u05d7\u05d5\u05dd \u05d4\u05e0\u05d3\u05dc&quot;\u05df \u05d5\u05d4\u05e0\u05da \u05de\u05d5\u05d6\u05de\u05df \u05dc\u05e7\u05d7\u05ea \u05d1\u05d5 \u05d7\u05dc\u05e7 \u05d1\u05db\u05e4\u05d5\u05e3 \u05dc\u05d4\u05e1\u05db\u05de\u05ea\u05da \u05dc\u05ea\u05e0\u05d0\u05d9 \u05d4\u05e9\u05d9\u05de\u05d5\u05e9 \u05d0\u05e9\u05e8 \u05d9\u05e4\u05d5\u05e8\u05d8\u05d5 [&hellip;]\" \/>\n<meta property=\"og:url\" content=\"https:\/\/www.ben-shalom.co.il\/es\/privacy-policy\/\" \/>\n<meta property=\"og:site_name\" content=\"\u05d1\u05df \u05e9\u05dc\u05d5\u05dd \u05d9\u05d6\u05de\u05d5\u05ea \u05d5\u05d1\u05e0\u05d9\u05d9\u05d4\" \/>\n<meta property=\"article:publisher\" content=\"https:\/\/www.facebook.com\/people\/%d7%91%d7%9f-%d7%a9%d7%9c%d7%95%d7%9d-%d7%99%d7%96%d7%9e%d7%95%d7%aa-%d7%95%d7%91%d7%a0%d7%99%d7%99%d7%94\/100063915557073\/\" \/>\n<meta property=\"article:modified_time\" content=\"2025-06-11T07:46:13+00:00\" \/>\n<meta name=\"twitter:card\" content=\"summary_large_image\" \/>\n<meta name=\"twitter:label1\" content=\"Tiempo de lectura\" \/>\n\t<meta name=\"twitter:data1\" content=\"11 minutos\" \/>\n<script type=\"application\/ld+json\" class=\"yoast-schema-graph\">{\"@context\":\"https:\/\/schema.org\",\"@graph\":[{\"@type\":\"WebPage\",\"@id\":\"https:\/\/www.ben-shalom.co.il\/privacy-policy\/\",\"url\":\"https:\/\/www.ben-shalom.co.il\/privacy-policy\/\",\"name\":\"\u05de\u05d3\u05d9\u05e0\u05d9\u05d5\u05ea \u05e4\u05e8\u05d8\u05d9\u05d5\u05ea - \u05d1\u05df \u05e9\u05dc\u05d5\u05dd \u05d9\u05d6\u05de\u05d5\u05ea \u05d5\u05d1\u05e0\u05d9\u05d9\u05d4\",\"isPartOf\":{\"@id\":\"https:\/\/www.ben-shalom.co.il\/#website\"},\"datePublished\":\"2025-03-01T11:44:46+00:00\",\"dateModified\":\"2025-06-11T07:46:13+00:00\",\"breadcrumb\":{\"@id\":\"https:\/\/www.ben-shalom.co.il\/privacy-policy\/#breadcrumb\"},\"inLanguage\":\"es\",\"potentialAction\":[{\"@type\":\"ReadAction\",\"target\":[\"https:\/\/www.ben-shalom.co.il\/privacy-policy\/\"]}]},{\"@type\":\"BreadcrumbList\",\"@id\":\"https:\/\/www.ben-shalom.co.il\/privacy-policy\/#breadcrumb\",\"itemListElement\":[{\"@type\":\"ListItem\",\"position\":1,\"name\":\"\u05d1\u05df \u05e9\u05dc\u05d5\u05dd\",\"item\":\"https:\/\/www.ben-shalom.co.il\/\"},{\"@type\":\"ListItem\",\"position\":2,\"name\":\"\u05de\u05d3\u05d9\u05e0\u05d9\u05d5\u05ea \u05e4\u05e8\u05d8\u05d9\u05d5\u05ea\"}]},{\"@type\":\"WebSite\",\"@id\":\"https:\/\/www.ben-shalom.co.il\/#website\",\"url\":\"https:\/\/www.ben-shalom.co.il\/\",\"name\":\"\u05d1\u05df \u05e9\u05dc\u05d5\u05dd \u05d9\u05d6\u05de\u05d5\u05ea \u05d5\u05d1\u05e0\u05d9\u05d9\u05d4\",\"description\":\"\",\"publisher\":{\"@id\":\"https:\/\/www.ben-shalom.co.il\/#organization\"},\"potentialAction\":[{\"@type\":\"SearchAction\",\"target\":{\"@type\":\"EntryPoint\",\"urlTemplate\":\"https:\/\/www.ben-shalom.co.il\/?s={search_term_string}\"},\"query-input\":{\"@type\":\"PropertyValueSpecification\",\"valueRequired\":true,\"valueName\":\"search_term_string\"}}],\"inLanguage\":\"es\"},{\"@type\":\"Organization\",\"@id\":\"https:\/\/www.ben-shalom.co.il\/#organization\",\"name\":\"\u05d1\u05df \u05e9\u05dc\u05d5\u05dd \u05d9\u05d6\u05de\u05d5\u05ea \u05d5\u05d1\u05e0\u05d9\u05d9\u05d4\",\"url\":\"https:\/\/www.ben-shalom.co.il\/\",\"logo\":{\"@type\":\"ImageObject\",\"inLanguage\":\"es\",\"@id\":\"https:\/\/www.ben-shalom.co.il\/#\/schema\/logo\/image\/\",\"url\":\"https:\/\/www.ben-shalom.co.il\/wp-content\/uploads\/2025\/03\/bs-logo-light.svg\",\"contentUrl\":\"https:\/\/www.ben-shalom.co.il\/wp-content\/uploads\/2025\/03\/bs-logo-light.svg\",\"width\":198,\"height\":102,\"caption\":\"\u05d1\u05df \u05e9\u05dc\u05d5\u05dd \u05d9\u05d6\u05de\u05d5\u05ea \u05d5\u05d1\u05e0\u05d9\u05d9\u05d4\"},\"image\":{\"@id\":\"https:\/\/www.ben-shalom.co.il\/#\/schema\/logo\/image\/\"},\"sameAs\":[\"https:\/\/www.facebook.com\/people\/\u05d1\u05df-\u05e9\u05dc\u05d5\u05dd-\u05d9\u05d6\u05de\u05d5\u05ea-\u05d5\u05d1\u05e0\u05d9\u05d9\u05d4\/100063915557073\/\"]}]}<\/script>\n<!-- \/ Yoast SEO plugin. -->","yoast_head_json":{"title":"\u05de\u05d3\u05d9\u05e0\u05d9\u05d5\u05ea \u05e4\u05e8\u05d8\u05d9\u05d5\u05ea - \u05d1\u05df \u05e9\u05dc\u05d5\u05dd \u05d9\u05d6\u05de\u05d5\u05ea \u05d5\u05d1\u05e0\u05d9\u05d9\u05d4","robots":{"index":"index","follow":"follow","max-snippet":"max-snippet:-1","max-image-preview":"max-image-preview:large","max-video-preview":"max-video-preview:-1"},"canonical":"https:\/\/www.ben-shalom.co.il\/es\/privacy-policy\/","og_locale":"es_ES","og_type":"article","og_title":"\u05de\u05d3\u05d9\u05e0\u05d9\u05d5\u05ea \u05e4\u05e8\u05d8\u05d9\u05d5\u05ea - \u05d1\u05df \u05e9\u05dc\u05d5\u05dd \u05d9\u05d6\u05de\u05d5\u05ea \u05d5\u05d1\u05e0\u05d9\u05d9\u05d4","og_description":"Privacy Policy \u05de\u05d3\u05d9\u05e0\u05d9\u05d5\u05ea \u05e4\u05e8\u05d8\u05d9\u05d5\u05ea \u05ea\u05e0\u05d0\u05d9 \u05e9\u05d9\u05de\u05d5\u05e9 \u05d1\u05d0\u05ea\u05e8 &quot;\u05d1\u05df \u05e9\u05dc\u05d5\u05dd \u2013 \u05d9\u05d6\u05de\u05d5\u05ea \u05d5\u05d1\u05e0\u05d9\u05d9\u05d4&quot; \u05ea\u05e7\u05e0\u05d5\u05df \u05d4\u05e9\u05d9\u05de\u05d5\u05e9 \u05d1\u05d0\u05ea\u05e8 \u05d4\u05e0&quot;\u05dc \u05e0\u05db\u05ea\u05d1 \u05d1\u05dc\u05e9\u05d5\u05df \u05d6\u05db\u05e8 \u05d0\u05da \u05d4\u05d0\u05de\u05d5\u05e8 \u05d1\u05d5 \u05de\u05ea\u05d9\u05d9\u05d7\u05e1 \u05dc\u05e0\u05e9\u05d9\u05dd \u05d5\u05d2\u05d1\u05e8\u05d9\u05dd \u05db\u05d0\u05d7\u05d3. \u05e7\u05d3\u05d9\u05de\u05d5\u05df \u05d0\u05ea\u05e8 &quot;\u05d1\u05df \u05e9\u05dc\u05d5\u05dd \u2013 \u05d9\u05d6\u05de\u05d5\u05ea \u05d5\u05d1\u05e0\u05d9\u05d9\u05d4&quot; (\u05dc\u05d4\u05dc\u05df &quot;\u05d4\u05d0\u05ea\u05e8&quot;) \u05d4\u05d5\u05d0 \u05d0\u05ea\u05e8 \u05d4\u05de\u05e9\u05de\u05e9 \u05db\u05d0\u05ea\u05e8 \u05ea\u05d3\u05de\u05d9\u05ea \u05dc\u05e4\u05e2\u05d9\u05dc\u05d5\u05ea \u05d4\u05e2\u05e1\u05e7\u05d9\u05ea \u05d1\u05ea\u05d7\u05d5\u05dd \u05d4\u05e0\u05d3\u05dc&quot;\u05df \u05d5\u05d4\u05e0\u05da \u05de\u05d5\u05d6\u05de\u05df \u05dc\u05e7\u05d7\u05ea \u05d1\u05d5 \u05d7\u05dc\u05e7 \u05d1\u05db\u05e4\u05d5\u05e3 \u05dc\u05d4\u05e1\u05db\u05de\u05ea\u05da \u05dc\u05ea\u05e0\u05d0\u05d9 \u05d4\u05e9\u05d9\u05de\u05d5\u05e9 \u05d0\u05e9\u05e8 \u05d9\u05e4\u05d5\u05e8\u05d8\u05d5 [&hellip;]","og_url":"https:\/\/www.ben-shalom.co.il\/es\/privacy-policy\/","og_site_name":"\u05d1\u05df \u05e9\u05dc\u05d5\u05dd \u05d9\u05d6\u05de\u05d5\u05ea \u05d5\u05d1\u05e0\u05d9\u05d9\u05d4","article_publisher":"https:\/\/www.facebook.com\/people\/%d7%91%d7%9f-%d7%a9%d7%9c%d7%95%d7%9d-%d7%99%d7%96%d7%9e%d7%95%d7%aa-%d7%95%d7%91%d7%a0%d7%99%d7%99%d7%94\/100063915557073\/","article_modified_time":"2025-06-11T07:46:13+00:00","twitter_card":"summary_large_image","twitter_misc":{"Tiempo de lectura":"11 minutos"},"schema":{"@context":"https:\/\/schema.org","@graph":[{"@type":"WebPage","@id":"https:\/\/www.ben-shalom.co.il\/privacy-policy\/","url":"https:\/\/www.ben-shalom.co.il\/privacy-policy\/","name":"\u05de\u05d3\u05d9\u05e0\u05d9\u05d5\u05ea \u05e4\u05e8\u05d8\u05d9\u05d5\u05ea - \u05d1\u05df \u05e9\u05dc\u05d5\u05dd \u05d9\u05d6\u05de\u05d5\u05ea \u05d5\u05d1\u05e0\u05d9\u05d9\u05d4","isPartOf":{"@id":"https:\/\/www.ben-shalom.co.il\/#website"},"datePublished":"2025-03-01T11:44:46+00:00","dateModified":"2025-06-11T07:46:13+00:00","breadcrumb":{"@id":"https:\/\/www.ben-shalom.co.il\/privacy-policy\/#breadcrumb"},"inLanguage":"es","potentialAction":[{"@type":"ReadAction","target":["https:\/\/www.ben-shalom.co.il\/privacy-policy\/"]}]},{"@type":"BreadcrumbList","@id":"https:\/\/www.ben-shalom.co.il\/privacy-policy\/#breadcrumb","itemListElement":[{"@type":"ListItem","position":1,"name":"\u05d1\u05df \u05e9\u05dc\u05d5\u05dd","item":"https:\/\/www.ben-shalom.co.il\/"},{"@type":"ListItem","position":2,"name":"\u05de\u05d3\u05d9\u05e0\u05d9\u05d5\u05ea \u05e4\u05e8\u05d8\u05d9\u05d5\u05ea"}]},{"@type":"WebSite","@id":"https:\/\/www.ben-shalom.co.il\/#website","url":"https:\/\/www.ben-shalom.co.il\/","name":"\u05d1\u05df \u05e9\u05dc\u05d5\u05dd \u05d9\u05d6\u05de\u05d5\u05ea \u05d5\u05d1\u05e0\u05d9\u05d9\u05d4","description":"","publisher":{"@id":"https:\/\/www.ben-shalom.co.il\/#organization"},"potentialAction":[{"@type":"SearchAction","target":{"@type":"EntryPoint","urlTemplate":"https:\/\/www.ben-shalom.co.il\/?s={search_term_string}"},"query-input":{"@type":"PropertyValueSpecification","valueRequired":true,"valueName":"search_term_string"}}],"inLanguage":"es"},{"@type":"Organization","@id":"https:\/\/www.ben-shalom.co.il\/#organization","name":"\u05d1\u05df \u05e9\u05dc\u05d5\u05dd \u05d9\u05d6\u05de\u05d5\u05ea \u05d5\u05d1\u05e0\u05d9\u05d9\u05d4","url":"https:\/\/www.ben-shalom.co.il\/","logo":{"@type":"ImageObject","inLanguage":"es","@id":"https:\/\/www.ben-shalom.co.il\/#\/schema\/logo\/image\/","url":"https:\/\/www.ben-shalom.co.il\/wp-content\/uploads\/2025\/03\/bs-logo-light.svg","contentUrl":"https:\/\/www.ben-shalom.co.il\/wp-content\/uploads\/2025\/03\/bs-logo-light.svg","width":198,"height":102,"caption":"\u05d1\u05df \u05e9\u05dc\u05d5\u05dd \u05d9\u05d6\u05de\u05d5\u05ea \u05d5\u05d1\u05e0\u05d9\u05d9\u05d4"},"image":{"@id":"https:\/\/www.ben-shalom.co.il\/#\/schema\/logo\/image\/"},"sameAs":["https:\/\/www.facebook.com\/people\/\u05d1\u05df-\u05e9\u05dc\u05d5\u05dd-\u05d9\u05d6\u05de\u05d5\u05ea-\u05d5\u05d1\u05e0\u05d9\u05d9\u05d4\/100063915557073\/"]}]}},"_links":{"self":[{"href":"https:\/\/www.ben-shalom.co.il\/es\/wp-json\/wp\/v2\/pages\/3","targetHints":{"allow":["GET"]}}],"collection":[{"href":"https:\/\/www.ben-shalom.co.il\/es\/wp-json\/wp\/v2\/pages"}],"about":[{"href":"https:\/\/www.ben-shalom.co.il\/es\/wp-json\/wp\/v2\/types\/page"}],"author":[{"embeddable":true,"href":"https:\/\/www.ben-shalom.co.il\/es\/wp-json\/wp\/v2\/users\/1"}],"replies":[{"embeddable":true,"href":"https:\/\/www.ben-shalom.co.il\/es\/wp-json\/wp\/v2\/comments?post=3"}],"version-history":[{"count":19,"href":"https:\/\/www.ben-shalom.co.il\/es\/wp-json\/wp\/v2\/pages\/3\/revisions"}],"predecessor-version":[{"id":4438,"href":"https:\/\/www.ben-shalom.co.il\/es\/wp-json\/wp\/v2\/pages\/3\/revisions\/4438"}],"wp:attachment":[{"href":"https:\/\/www.ben-shalom.co.il\/es\/wp-json\/wp\/v2\/media?parent=3"}],"curies":[{"name":"wp","href":"https:\/\/api.w.org\/{rel}","templated":true}]}}